{"id":5434,"date":"2026-03-30T21:56:02","date_gmt":"2026-03-30T21:56:02","guid":{"rendered":"https:\/\/www.armound.com\/?product=samsung-galaxy-z-fold-7-12gb-256gb"},"modified":"2026-03-30T21:57:50","modified_gmt":"2026-03-30T21:57:50","slug":"samsung-galaxy-z-fold-7-12gb-256gb","status":"publish","type":"product","link":"https:\/\/armound333.wasmer.app\/?product=samsung-galaxy-z-fold-7-12gb-256gb","title":{"rendered":"SAMSUNG GALAXY Z FOLD 7, 12GB\/256GB"},"content":{"rendered":"<p>Samsung Galaxy Z Fold7 \u00ebsht\u00eb nj\u00eb pajisje revolucionare q\u00eb kombinon funksionalitetin e nj\u00eb telefoni t\u00eb avancuar me p\u00ebrvoj\u00ebn vizuale t\u00eb nj\u00eb tableti. Me nj\u00eb ekran kryesor 8.0&#8243; Dynamic AMOLED 2X me rezolucion t\u00eb lart\u00eb QXGA+ (2184 x 1968) dhe rifreskim adaptiv deri n\u00eb 120Hz, ai ofron qart\u00ebsi dhe rrjedhshm\u00ebri t\u00eb jasht\u00ebzakonshme n\u00eb \u00e7do p\u00ebrdorim. Kur \u00ebsht\u00eb i palosur, p\u00ebrdoruesit kan\u00eb n\u00eb dispozicion nj\u00eb ekran 6.5&#8243; FHD+ me po t\u00eb nj\u00ebjt\u00ebn cil\u00ebsi t\u00eb lart\u00eb dhe rifreskim t\u00eb shpejt\u00eb, duke e b\u00ebr\u00eb k\u00ebt\u00eb telefon praktik p\u00ebr \u00e7do situat\u00eb. Me nj\u00eb trup t\u00eb holl\u00eb dhe t\u00eb leht\u00eb (215g), Z Fold7 \u00ebsht\u00eb i p\u00ebrshtatsh\u00ebm p\u00ebr p\u00ebrdorim t\u00eb p\u00ebrditsh\u00ebm dhe profesional.<\/p>\n<p>Sistemi i kamerave \u00ebsht\u00eb i pajisur p\u00ebr t\u00eb kapur \u00e7do detaj: nj\u00eb kamer\u00eb selfie 10MP n\u00eb ekranin mbules\u00eb, nj\u00eb tjet\u00ebr kamer\u00eb 10MP n\u00eb ekranin kryesor, dhe nj\u00eb sistem i fuqish\u00ebm treshe n\u00eb pjes\u00ebn e pasme q\u00eb p\u00ebrfshin nj\u00eb kamer\u00eb kryesore 200MP me autofokus t\u00eb avancuar dhe stabilizim optik, nj\u00eb kamer\u00eb ultra-wide 12MP p\u00ebr pamje t\u00eb gjera, dhe nj\u00eb kamer\u00eb telefoto 10MP me zmadhim optik 3x.<\/p>\n<p>Bateria 4400mAh ofron jet\u00ebgjat\u00ebsi dhe mb\u00ebshtet karikim t\u00eb shpejt\u00eb me 25W, karikim wireless 2.0 dhe Wireless PowerShare p\u00ebr t\u00eb ndar\u00eb energjin\u00eb me pajisje t\u00eb tjera. Me mbrojtje IP48 kund\u00ebr pluhurit dhe sp\u00ebrkatjeve, sistem operativ Android 16 dhe nd\u00ebrfaqe intuitive One UI 8, Galaxy Z Fold7 \u00ebsht\u00eb nd\u00ebrtuar p\u00ebr p\u00ebrdoruesit q\u00eb k\u00ebrkojn\u00eb m\u00eb shum\u00eb nga teknologjia. Pajisja mb\u00ebshtet 5G, LTE, Wi-Fi 7, Bluetooth 5.4, dhe ofron fleksibilitet me deri n\u00eb dy Nano SIM dhe Multi eSIM.<\/p>\n","protected":false},"excerpt":{"rendered":"<p>Samsung Galaxy Z Fold7 \u00ebsht\u00eb nj\u00eb pajisje revolucionare q\u00eb kombinon funksionalitetin e nj\u00eb telefoni t\u00eb avancuar me p\u00ebrvoj\u00ebn vizuale t\u00eb nj\u00eb tableti. Me nj\u00eb ekran kryesor 8.0&#8243; Dynamic AMOLED 2X<\/p>\n","protected":false},"featured_media":5429,"comment_status":"open","ping_status":"closed","template":"","meta":{"_acf_changed":false},"product_brand":[],"product_cat":[172,181,118,15],"product_tag":[],"class_list":{"0":"post-5434","1":"product","2":"type-product","3":"status-publish","4":"has-post-thumbnail","6":"product_cat-featured-phones","7":"product_cat-mobile-phones","8":"product_cat-smartphones-tablets-2","9":"product_cat-uncategorized","11":"first","12":"instock","13":"sale","14":"shipping-taxable","15":"purchasable","16":"product-type-simple"},"acf":[],"_links":{"self":[{"href":"https:\/\/armound333.wasmer.app\/index.php?rest_route=\/wp\/v2\/product\/5434","targetHints":{"allow":["GET"]}}],"collection":[{"href":"https:\/\/armound333.wasmer.app\/index.php?rest_route=\/wp\/v2\/product"}],"about":[{"href":"https:\/\/armound333.wasmer.app\/index.php?rest_route=\/wp\/v2\/types\/product"}],"replies":[{"embeddable":true,"href":"https:\/\/armound333.wasmer.app\/index.php?rest_route=%2Fwp%2Fv2%2Fcomments&post=5434"}],"wp:featuredmedia":[{"embeddable":true,"href":"https:\/\/armound333.wasmer.app\/index.php?rest_route=\/wp\/v2\/media\/5429"}],"wp:attachment":[{"href":"https:\/\/armound333.wasmer.app\/index.php?rest_route=%2Fwp%2Fv2%2Fmedia&parent=5434"}],"wp:term":[{"taxonomy":"product_brand","embeddable":true,"href":"https:\/\/armound333.wasmer.app\/index.php?rest_route=%2Fwp%2Fv2%2Fproduct_brand&post=5434"},{"taxonomy":"product_cat","embeddable":true,"href":"https:\/\/armound333.wasmer.app\/index.php?rest_route=%2Fwp%2Fv2%2Fproduct_cat&post=5434"},{"taxonomy":"product_tag","embeddable":true,"href":"https:\/\/armound333.wasmer.app\/index.php?rest_route=%2Fwp%2Fv2%2Fproduct_tag&post=5434"}],"curies":[{"name":"wp","href":"https:\/\/api.w.org\/{rel}","templated":true}]}}