{"id":5427,"date":"2026-03-29T00:37:50","date_gmt":"2026-03-29T00:37:50","guid":{"rendered":"https:\/\/www.armound.com\/?product=altoparlant-lenovo-k30-me-bluetooth-i-zi"},"modified":"2026-03-29T00:40:01","modified_gmt":"2026-03-29T00:40:01","slug":"altoparlant-lenovo-k30-me-bluetooth-i-zi","status":"publish","type":"product","link":"https:\/\/armound333.wasmer.app\/?product=altoparlant-lenovo-k30-me-bluetooth-i-zi","title":{"rendered":"Altoparlant Lenovo K30 me Bluetooth, i zi"},"content":{"rendered":"<p>Altoparlant Lenovo K30 me Bluetooth, i zi<\/p>\n<p>Ve\u00e7orit\u00eb<br \/>\n1. Bluetooth 5.0 siguron \u00e7iftimin e menj\u00ebhersh\u00ebm. Altoparlant\u00ebt me val\u00eb kan\u00eb shpejt\u00ebsi m\u00eb t\u00eb shpejt\u00eb lidhjeje, transmetim m\u00eb t\u00eb q\u00ebndruesh\u00ebm t\u00eb sinjalit dhe konsum m\u00eb t\u00eb ul\u00ebt t\u00eb energjis\u00eb.<br \/>\n2. Bateria e integruar 1200 mAh Litumi, ju jep deri n\u00eb 6-8 or\u00eb muzik\u00eb pa nd\u00ebrprerje me nj\u00eb karikim t\u00eb vet\u00ebm.<br \/>\n3. Mikrofoni i integruar me ndjeshm\u00ebri t\u00eb lart\u00eb, biseda me nj\u00eb \u00e7el\u00ebs pa duar, ju b\u00ebn t&#8217;u p\u00ebrgjigjeni telefonatave pa arritur n\u00eb telefonin tuaj.<br \/>\n4. Mund t\u00eb p\u00ebrdoret me telefona celular\u00eb, kompjuter\u00eb, p\u00ebr iPad, p\u00ebr iMac, ose p\u00ebr loj\u00ebra, si altoparlant portativ dhe m\u00eb shum\u00eb.<br \/>\n5. Tingull rrethues HIFI dhe efekte t\u00eb fuqishme t\u00eb z\u00ebrit t\u00eb basit.<br \/>\n6. I pershtatshem per dhome gjumi, banjo, kuzhine, zyre, konference, udhetim pune, pushime etj.<br \/>\n7. Mini altoparlanti portativ ka p\u00ebrmasa kompakte dhe pesh\u00eb t\u00eb leht\u00eb.<\/p>\n<p>Specifikimet:<br \/>\nMateriali: Plastike<br \/>\nVersioni i Bluetooth: Bluetooth 5.0<br \/>\nGama me val\u00eb: Rreth 8-10 metra (pa pengesa)<br \/>\nKapaciteti i bateris\u00eb: 1200 mAh<br \/>\nKoha e q\u00ebndrueshm\u00ebris\u00eb: Rreth 6-8 or\u00eb (varet nga v\u00ebllimi i muzik\u00ebs)<br \/>\nKoha e karikimit: Rreth 3 or\u00eb<br \/>\nBriri: 3 W<br \/>\nMikrofoni i integruar: Po<br \/>\nMadh\u00ebsia: 79*79*62 mm<br \/>\nPesha: rreth 240 g<\/p>\n","protected":false},"excerpt":{"rendered":"<p>Altoparlant Lenovo K30 me Bluetooth, i zi Ve\u00e7orit\u00eb 1. Bluetooth 5.0 siguron \u00e7iftimin e menj\u00ebhersh\u00ebm. Altoparlant\u00ebt me val\u00eb kan\u00eb shpejt\u00ebsi m\u00eb t\u00eb shpejt\u00eb lidhjeje, transmetim m\u00eb t\u00eb q\u00ebndruesh\u00ebm t\u00eb sinjalit<\/p>\n","protected":false},"featured_media":5426,"comment_status":"open","ping_status":"closed","template":"","meta":{"_acf_changed":false},"product_brand":[],"product_cat":[154,155,15],"product_tag":[],"class_list":{"0":"post-5427","1":"product","2":"type-product","3":"status-publish","4":"has-post-thumbnail","6":"product_cat-audio","7":"product_cat-audio-speakers","8":"product_cat-uncategorized","10":"first","11":"onbackorder","12":"shipping-taxable","13":"purchasable","14":"product-type-simple"},"acf":[],"_links":{"self":[{"href":"https:\/\/armound333.wasmer.app\/index.php?rest_route=\/wp\/v2\/product\/5427","targetHints":{"allow":["GET"]}}],"collection":[{"href":"https:\/\/armound333.wasmer.app\/index.php?rest_route=\/wp\/v2\/product"}],"about":[{"href":"https:\/\/armound333.wasmer.app\/index.php?rest_route=\/wp\/v2\/types\/product"}],"replies":[{"embeddable":true,"href":"https:\/\/armound333.wasmer.app\/index.php?rest_route=%2Fwp%2Fv2%2Fcomments&post=5427"}],"wp:featuredmedia":[{"embeddable":true,"href":"https:\/\/armound333.wasmer.app\/index.php?rest_route=\/wp\/v2\/media\/5426"}],"wp:attachment":[{"href":"https:\/\/armound333.wasmer.app\/index.php?rest_route=%2Fwp%2Fv2%2Fmedia&parent=5427"}],"wp:term":[{"taxonomy":"product_brand","embeddable":true,"href":"https:\/\/armound333.wasmer.app\/index.php?rest_route=%2Fwp%2Fv2%2Fproduct_brand&post=5427"},{"taxonomy":"product_cat","embeddable":true,"href":"https:\/\/armound333.wasmer.app\/index.php?rest_route=%2Fwp%2Fv2%2Fproduct_cat&post=5427"},{"taxonomy":"product_tag","embeddable":true,"href":"https:\/\/armound333.wasmer.app\/index.php?rest_route=%2Fwp%2Fv2%2Fproduct_tag&post=5427"}],"curies":[{"name":"wp","href":"https:\/\/api.w.org\/{rel}","templated":true}]}}