{"id":5374,"date":"2026-03-26T21:46:44","date_gmt":"2026-03-26T21:46:44","guid":{"rendered":"https:\/\/www.armound.com\/?product=ledger-nano-x-emerald-green"},"modified":"2026-04-06T22:06:28","modified_gmt":"2026-04-06T22:06:28","slug":"ledger-nano-x-emerald-green","status":"publish","type":"product","link":"https:\/\/armound333.wasmer.app\/?product=ledger-nano-x-emerald-green","title":{"rendered":"LEDGER NANO X &#8211; EMERALD GREEN"},"content":{"rendered":"<p>Ledger Nano X \u2013 Emerald Green | Siguri maksimale p\u00ebr kriptovalutat tuaja<br \/>\nLedger Nano X \u00ebsht\u00eb nj\u00eb portofol hardware i avancuar p\u00ebr ruajtjen e sigurt t\u00eb kriptovalutave tuaja. Me teknologji t\u00eb nivelit t\u00eb lart\u00eb dhe dizajn elegant n\u00eb ngjyr\u00eb Emerald Green, ky pajisje ju ofron kontroll t\u00eb plot\u00eb dhe mbrojtje maksimale p\u00ebr asetet tuaja digjitale.<br \/>\n\ud83d\udd39 Karakteristikat kryesore:<br \/>\nSiguri e avancuar (Secure Element Chip) \u2013 Mbrojtje e nivelit bankar p\u00ebr kriptovalutat tuaja<br \/>\nMb\u00ebshtet mbi 5,500 kriptovaluta \u2013 Bitcoin, Ethereum dhe shum\u00eb t\u00eb tjera<br \/>\nBluetooth lidhje \u2013 P\u00ebrdorim i leht\u00eb me smartphone pa kabllo<br \/>\nMemorie e madhe \u2013 Instaloni shum\u00eb aplikacione nj\u00ebkoh\u00ebsisht<br \/>\nEkran i integruar \u2013 Verifikim i sigurt i transaksioneve<br \/>\nBateri e integruar \u2013 P\u00ebrdorim n\u00eb l\u00ebvizje pa nevoj\u00eb p\u00ebr lidhje t\u00eb vazhdueshme<br \/>\n\ud83d\udd10 Siguri dhe kontroll i plot\u00eb<br \/>\nLedger Nano X siguron q\u00eb \u00e7el\u00ebsat privat\u00eb t\u00eb ruhen offline, duke eliminuar rrezikun nga haker\u00ebt dhe sulmet online. Vet\u00ebm ju keni akses n\u00eb asetet tuaja.<br \/>\n\ud83d\udcf1 P\u00ebrdorim i thjesht\u00eb dhe mobil<br \/>\nFal\u00eb lidhjes Bluetooth dhe aplikacionit Ledger Live, mund t\u00eb menaxhoni kriptovalutat tuaja direkt nga telefoni apo kompjuteri me leht\u00ebsi dhe siguri.<br \/>\n\ud83c\udfa8 Dizajn premium<br \/>\nVersioni Emerald Green sjell nj\u00eb pamje unike dhe moderne, duke kombinuar sigurin\u00eb me stilin.<br \/>\n\ud83d\udce6 P\u00ebrmbajtja e paket\u00ebs:<br \/>\nLedger Nano X<br \/>\nKabllo USB-C<br \/>\nFlet\u00eb p\u00ebr rikuperim (Recovery Sheet)<br \/>\nUdh\u00ebzime p\u00ebrdorimi<br \/>\n\u2705 Pse t\u00eb zgjidhni Ledger Nano X?<br \/>\n\u2714 Siguri maksimale p\u00ebr asetet digjitale<br \/>\n\u2714 P\u00ebrdorim i leht\u00eb me telefon dhe PC<br \/>\n\u2714 Mb\u00ebshtetje p\u00ebr shum\u00eb kriptovaluta<br \/>\n\u2714 Dizajn elegant dhe kompakt<br \/>\n\u2714 Ideal p\u00ebr fillestar\u00eb dhe profesionist\u00eb<\/p>\n","protected":false},"excerpt":{"rendered":"<p>Ledger Nano X \u2013 Emerald Green | Siguri maksimale p\u00ebr kriptovalutat tuaja Ledger Nano X \u00ebsht\u00eb nj\u00eb portofol hardware i avancuar p\u00ebr ruajtjen e sigurt t\u00eb kriptovalutave tuaja. Me teknologji<\/p>\n","protected":false},"featured_media":5366,"comment_status":"open","ping_status":"closed","template":"","meta":{"_acf_changed":false},"product_brand":[],"product_cat":[225],"product_tag":[],"class_list":{"0":"post-5374","1":"product","2":"type-product","3":"status-publish","4":"has-post-thumbnail","6":"product_cat-crypto-wallets","8":"first","9":"onbackorder","10":"sale","11":"shipping-taxable","12":"purchasable","13":"product-type-simple"},"acf":[],"_links":{"self":[{"href":"https:\/\/armound333.wasmer.app\/index.php?rest_route=\/wp\/v2\/product\/5374","targetHints":{"allow":["GET"]}}],"collection":[{"href":"https:\/\/armound333.wasmer.app\/index.php?rest_route=\/wp\/v2\/product"}],"about":[{"href":"https:\/\/armound333.wasmer.app\/index.php?rest_route=\/wp\/v2\/types\/product"}],"replies":[{"embeddable":true,"href":"https:\/\/armound333.wasmer.app\/index.php?rest_route=%2Fwp%2Fv2%2Fcomments&post=5374"}],"wp:featuredmedia":[{"embeddable":true,"href":"https:\/\/armound333.wasmer.app\/index.php?rest_route=\/wp\/v2\/media\/5366"}],"wp:attachment":[{"href":"https:\/\/armound333.wasmer.app\/index.php?rest_route=%2Fwp%2Fv2%2Fmedia&parent=5374"}],"wp:term":[{"taxonomy":"product_brand","embeddable":true,"href":"https:\/\/armound333.wasmer.app\/index.php?rest_route=%2Fwp%2Fv2%2Fproduct_brand&post=5374"},{"taxonomy":"product_cat","embeddable":true,"href":"https:\/\/armound333.wasmer.app\/index.php?rest_route=%2Fwp%2Fv2%2Fproduct_cat&post=5374"},{"taxonomy":"product_tag","embeddable":true,"href":"https:\/\/armound333.wasmer.app\/index.php?rest_route=%2Fwp%2Fv2%2Fproduct_tag&post=5374"}],"curies":[{"name":"wp","href":"https:\/\/api.w.org\/{rel}","templated":true}]}}